{"id":1579,"date":"2025-10-07T15:58:57","date_gmt":"2025-10-07T13:58:57","guid":{"rendered":"https:\/\/nagel-guitars.de\/?page_id=1579"},"modified":"2026-03-13T11:46:51","modified_gmt":"2026-03-13T10:46:51","slug":"classic-5-wild-deep-purple","status":"publish","type":"page","link":"https:\/\/nagel-guitars.de\/en\/classic-5-wild-deep-purple\/","title":{"rendered":"Classic 5 Wild Deep Purple"},"content":{"rendered":"<section class=\"l-section wpb_row height_medium\"><div class=\"l-section-h i-cf\"><div class=\"g-cols vc_row via_grid cols_2 laptops-cols_inherit tablets-cols_inherit mobiles-cols_1 valign_top type_default stacking_default\"><div class=\"wpb_column vc_column_container\"><div class=\"vc_column-inner\"><div class=\"w-image align_center\"><div class=\"w-image-h\"><img decoding=\"async\" width=\"278\" height=\"700\" src=\"https:\/\/nagel-guitars.de\/wp-content\/uploads\/NAGEL-Guitars-Classic-5-Wild-Deep-Purple.jpg\" class=\"attachment-full size-full\" alt=\"NAGEL Guitars - Classic 5 - Wild Deep Purple\" loading=\"lazy\" srcset=\"https:\/\/nagel-guitars.de\/wp-content\/uploads\/NAGEL-Guitars-Classic-5-Wild-Deep-Purple.jpg 278w, https:\/\/nagel-guitars.de\/wp-content\/uploads\/NAGEL-Guitars-Classic-5-Wild-Deep-Purple-119x300.jpg 119w, https:\/\/nagel-guitars.de\/wp-content\/uploads\/NAGEL-Guitars-Classic-5-Wild-Deep-Purple-258x650.jpg 258w\" sizes=\"auto, (max-width: 278px) 100vw, 278px\" \/><\/div><\/div><\/div><\/div><div class=\"wpb_column vc_column_container\"><div class=\"vc_column-inner\"><div class=\"wpb_text_column us_custom_2f842fc0\"><div class=\"wpb_wrapper\"><p style=\"text-align: right;\"><a href=\"https:\/\/nagel-guitars.de\/en\/archive\/\">&lt; back to the overview<\/a><\/p>\n<\/div><\/div><div class=\"w-text us_custom_2e2bc8da has_text_color\"><span class=\"w-text-h\"><span class=\"w-text-value\">E-Bass Classic 5 Wild Deep Purple<\/span><\/span><\/div><div class=\"w-separator size_custom with_line width_default thick_1 style_solid color_border align_center\" style=\"height:40px\"><div class=\"w-separator-h\"><\/div><\/div><div class=\"wpb_text_column\"><div class=\"wpb_wrapper\"><ul>\n<li>One-piece alder body<\/li>\n<li>Neck: maple with bird&#8217;s-eye maple fingerboard<\/li>\n<li>Nut width: 44.5 mm<\/li>\n<li>Asymmetrical neck profile<\/li>\n<li>Fingerboard radius: 12&#8243;<\/li>\n<li>22 jumbo frets<\/li>\n<li>Dual-action truss rod<\/li>\n<li>Gotoh tuners<\/li>\n<li>Frets and strings \u201cMade in Germany\u201d<\/li>\n<li>Handcrafted pickups from our own production<\/li>\n<li>Volume, PU balance, and two tone controls<\/li>\n<li>Multi-contact jack socket<\/li>\n<li>Gotoh bridge<\/li>\n<li>String-through-body (top load possible)<\/li>\n<li>Strings .045-.135<\/li>\n<li>Natural Line<\/li>\n<li>Finish: Wild Deep Purple<\/li>\n<li>Weight: 4.2 kg<\/li>\n<\/ul>\n<p>This Classic 5 was custom-made to customer specifications, which is reflected in a number of beautiful details.<br \/>\nThe combination of pickups allows for many different sounds. From a \u201csmacking\u201d PB sound to a roaring rocker&#8230; and that&#8217;s with passive electronics!<\/p>\n<p>By the way, there\u2019s a really cool story about this bass that you can read on <a href=\"https:\/\/www.bonedo.de\/artikel\/mein-weg-zum-custom-bass-leser-erfahrungsbericht\/\" target=\"_blank\" rel=\"noopener\">Bondeo.de<\/a>.<\/p>\n<\/div><\/div><div class=\"w-separator size_custom with_line width_default thick_1 style_solid color_border align_center\" style=\"height:40px\"><div class=\"w-separator-h\"><\/div><\/div><div class=\"w-popup w-btn-wrapper align_none\"><button type=\"button\" aria-label=\"Questions about this instrument ?\" class=\"w-popup-trigger type_btn w-btn us-btn-style_2 icon_atright\"><span class=\"w-btn-label\">Questions about this instrument ?<\/span><i class=\"fal fa-envelope\"><\/i><\/button><div class=\"w-popup-overlay\" style=\"background:rgba(0,0,0,0.85);\"><\/div><div class=\"w-popup-wrap layout_default\" role=\"dialog\" aria-modal=\"true\" aria-label=\"Questions about this instrument ?\" style=\"--title-color:var(--color-content-heading);--title-bg-color:var(--color-content-bg-alt);--content-color:var(--color-content-text);--content-bg-color:var(--color-content-bg);--popup-width:600px;--popup-padding:5%;\"><div class=\"w-popup-box animation_fadeIn closerpos_inside without_title\"><div class=\"w-popup-box-h\"><button aria-label=\"Close\" class=\"w-popup-closer\" type=\"button\"><\/button><div class=\"w-popup-box-content\"><div class=\"wpcf7 no-js\" id=\"wpcf7-f11-o1\" lang=\"de-DE\" dir=\"ltr\" data-wpcf7-id=\"11\">\n<div class=\"screen-reader-response\"><p role=\"status\" aria-live=\"polite\" aria-atomic=\"true\"><\/p> <ul><\/ul><\/div>\n<form action=\"\/en\/wp-json\/wp\/v2\/pages\/1579#wpcf7-f11-o1\" method=\"post\" class=\"wpcf7-form init\" aria-label=\"Kontaktformular\" novalidate=\"novalidate\" data-status=\"init\">\n<fieldset class=\"hidden-fields-container\"><input type=\"hidden\" name=\"_wpcf7\" value=\"11\" \/><input type=\"hidden\" name=\"_wpcf7_version\" value=\"6.1.5\" \/><input type=\"hidden\" name=\"_wpcf7_locale\" value=\"de_DE\" \/><input type=\"hidden\" name=\"_wpcf7_unit_tag\" value=\"wpcf7-f11-o1\" \/><input type=\"hidden\" name=\"_wpcf7_container_post\" value=\"0\" \/><input type=\"hidden\" name=\"_wpcf7_posted_data_hash\" value=\"\" \/>\n<\/fieldset>\n<p><label> Dein Name *<br \/>\n<span class=\"wpcf7-form-control-wrap\" data-name=\"your-name\"><input size=\"40\" maxlength=\"400\" class=\"wpcf7-form-control wpcf7-text wpcf7-validates-as-required\" aria-required=\"true\" aria-invalid=\"false\" value=\"\" type=\"text\" name=\"your-name\" \/><\/span> <\/label>\n<\/p>\n<p><label> Deine E-Mail-Adresse *<br \/>\n<span class=\"wpcf7-form-control-wrap\" data-name=\"your-email\"><input size=\"40\" maxlength=\"400\" class=\"wpcf7-form-control wpcf7-email wpcf7-validates-as-required wpcf7-text wpcf7-validates-as-email\" aria-required=\"true\" aria-invalid=\"false\" value=\"\" type=\"email\" name=\"your-email\" \/><\/span> <\/label>\n<\/p>\n<p><label> Betreff<br \/>\n<span class=\"wpcf7-form-control-wrap\" data-name=\"your-subject\"><input size=\"40\" maxlength=\"400\" class=\"wpcf7-form-control wpcf7-text\" aria-invalid=\"false\" value=\"\" type=\"text\" name=\"your-subject\" \/><\/span> <\/label>\n<\/p>\n<p><label> Deine Nachricht<br \/>\n<span class=\"wpcf7-form-control-wrap\" data-name=\"your-message\"><textarea cols=\"40\" rows=\"10\" maxlength=\"2000\" class=\"wpcf7-form-control wpcf7-textarea\" aria-invalid=\"false\" name=\"your-message\"><\/textarea><\/span> <\/label>\n<\/p>\n<p><span class=\"wpcf7-form-control-wrap\" data-name=\"quiz-294\"><label><span class=\"wpcf7-quiz-label\">Captcha: Wie lautet die Hauptstadt von Deutschland?<\/span> <input size=\"40\" class=\"wpcf7-form-control wpcf7-quiz\" autocomplete=\"off\" aria-required=\"true\" aria-invalid=\"false\" type=\"text\" name=\"quiz-294\" \/><\/label><input type=\"hidden\" name=\"_wpcf7_quiz_answer_quiz-294\" value=\"a7fcbc9572e3494d4124372001d0d05d\" \/><\/span>\n<\/p>\n<p><span class=\"wpcf7-form-control-wrap\" data-name=\"checkbox-213\"><span class=\"wpcf7-form-control wpcf7-checkbox wpcf7-validates-as-required\"><span class=\"wpcf7-list-item first last\"><input type=\"checkbox\" name=\"checkbox-213[]\" value=\"Ich willige darin ein, dass NAGEL Guitars die von mir \u00fcberreichten Informationen und Kontaktdaten dazu verwendet um mit mir anl\u00e4sslich meiner Kontaktaufnahme in Verbindung zu treten, hier\u00fcber zu kommunizieren und meine Anfrage abzuwickeln.\" \/><span class=\"wpcf7-list-item-label\">Ich willige darin ein, dass NAGEL Guitars die von mir \u00fcberreichten Informationen und Kontaktdaten dazu verwendet um mit mir anl\u00e4sslich meiner Kontaktaufnahme in Verbindung zu treten, hier\u00fcber zu kommunizieren und meine Anfrage abzuwickeln.<\/span><\/span><\/span><\/span><br \/>\n<a href=\"https:\/\/nagel-guitars.de\/datenschutzerklaerung\/\">Bitte beachte hierzu auch unsere Datenschutzerkl\u00e4rung<\/a>\n<\/p>\n<p><input class=\"wpcf7-form-control wpcf7-submit has-spinner\" type=\"submit\" value=\"Senden\" \/>\n<\/p><input type='hidden' class='wpcf7-pum' value='{\"closepopup\":false,\"closedelay\":0,\"openpopup\":false,\"openpopup_id\":0}' \/><div class=\"wpcf7-response-output\" aria-hidden=\"true\"><\/div>\n<\/form>\n<\/div>\n<\/div><\/div><\/div><\/div><\/div><\/div><\/div><\/div><\/div><\/section><section class=\"l-section wpb_row us_custom_e4eb24e1 height_small\"><div class=\"l-section-h i-cf\"><div class=\"g-cols vc_row via_grid cols_1 laptops-cols_inherit tablets-cols_inherit mobiles-cols_1 valign_top type_default stacking_default\"><div class=\"wpb_column vc_column_container\"><div class=\"vc_column-inner\"><div class=\"w-gallery fit_cover type_masonry action_popup_image with_isotope ratio_auto count_10\" style=\"--columns:6;--items-gap:10px;\"><div class=\"w-gallery-list\"><div class=\"w-gallery-item\"><div class=\"w-gallery-item-img\"><img loading=\"lazy\" decoding=\"async\" width=\"1024\" height=\"510\" src=\"https:\/\/nagel-guitars.de\/wp-content\/uploads\/NAGEL-Guitars-Classic-5-Wild-Deep-Purple-01-1-1024x510.jpg\" class=\"attachment-large size-large\" alt=\"NAGEL Guitars - Classic 5 - Wild Deep Purple\" srcset=\"https:\/\/nagel-guitars.de\/wp-content\/uploads\/NAGEL-Guitars-Classic-5-Wild-Deep-Purple-01-1-1024x510.jpg 1024w, https:\/\/nagel-guitars.de\/wp-content\/uploads\/NAGEL-Guitars-Classic-5-Wild-Deep-Purple-01-1-300x149.jpg 300w, https:\/\/nagel-guitars.de\/wp-content\/uploads\/NAGEL-Guitars-Classic-5-Wild-Deep-Purple-01-1-500x249.jpg 500w, https:\/\/nagel-guitars.de\/wp-content\/uploads\/NAGEL-Guitars-Classic-5-Wild-Deep-Purple-01-1-600x299.jpg 600w, https:\/\/nagel-guitars.de\/wp-content\/uploads\/NAGEL-Guitars-Classic-5-Wild-Deep-Purple-01-1.jpg 1100w\" sizes=\"auto, (max-width: 1024px) 100vw, 1024px\" \/><\/div><a class=\"w-gallery-item-link\" aria-label=\"NAGEL Guitars - Classic 5 - Wild Deep Purple\" href=\"https:\/\/nagel-guitars.de\/wp-content\/uploads\/NAGEL-Guitars-Classic-5-Wild-Deep-Purple-01-1.jpg\"><\/a><\/div><div class=\"w-gallery-item\"><div class=\"w-gallery-item-img\"><img loading=\"lazy\" decoding=\"async\" width=\"1024\" height=\"409\" src=\"https:\/\/nagel-guitars.de\/wp-content\/uploads\/NAGEL-Guitars-Classic-5-Wild-Deep-Purple-03-1-1024x409.jpg\" class=\"attachment-large size-large\" alt=\"NAGEL Guitars - Classic 5 - Wild Deep Purple\" srcset=\"https:\/\/nagel-guitars.de\/wp-content\/uploads\/NAGEL-Guitars-Classic-5-Wild-Deep-Purple-03-1-1024x409.jpg 1024w, https:\/\/nagel-guitars.de\/wp-content\/uploads\/NAGEL-Guitars-Classic-5-Wild-Deep-Purple-03-1-300x120.jpg 300w, https:\/\/nagel-guitars.de\/wp-content\/uploads\/NAGEL-Guitars-Classic-5-Wild-Deep-Purple-03-1-500x200.jpg 500w, https:\/\/nagel-guitars.de\/wp-content\/uploads\/NAGEL-Guitars-Classic-5-Wild-Deep-Purple-03-1-600x240.jpg 600w, https:\/\/nagel-guitars.de\/wp-content\/uploads\/NAGEL-Guitars-Classic-5-Wild-Deep-Purple-03-1.jpg 1200w\" sizes=\"auto, (max-width: 1024px) 100vw, 1024px\" \/><\/div><a class=\"w-gallery-item-link\" aria-label=\"NAGEL Guitars - Classic 5 - Wild Deep Purple\" href=\"https:\/\/nagel-guitars.de\/wp-content\/uploads\/NAGEL-Guitars-Classic-5-Wild-Deep-Purple-03-1.jpg\"><\/a><\/div><div class=\"w-gallery-item\"><div class=\"w-gallery-item-img\"><img loading=\"lazy\" decoding=\"async\" width=\"1024\" height=\"377\" src=\"https:\/\/nagel-guitars.de\/wp-content\/uploads\/NAGEL-Guitars-Classic-5-Wild-Deep-Purple-04-1-1024x377.jpg\" class=\"attachment-large size-large\" alt=\"NAGEL Guitars - Classic 5 - Wild Deep Purple\" srcset=\"https:\/\/nagel-guitars.de\/wp-content\/uploads\/NAGEL-Guitars-Classic-5-Wild-Deep-Purple-04-1-1024x377.jpg 1024w, https:\/\/nagel-guitars.de\/wp-content\/uploads\/NAGEL-Guitars-Classic-5-Wild-Deep-Purple-04-1-300x111.jpg 300w, https:\/\/nagel-guitars.de\/wp-content\/uploads\/NAGEL-Guitars-Classic-5-Wild-Deep-Purple-04-1-500x184.jpg 500w, https:\/\/nagel-guitars.de\/wp-content\/uploads\/NAGEL-Guitars-Classic-5-Wild-Deep-Purple-04-1-600x221.jpg 600w, https:\/\/nagel-guitars.de\/wp-content\/uploads\/NAGEL-Guitars-Classic-5-Wild-Deep-Purple-04-1.jpg 1200w\" sizes=\"auto, (max-width: 1024px) 100vw, 1024px\" \/><\/div><a class=\"w-gallery-item-link\" aria-label=\"NAGEL Guitars - Classic 5 - Wild Deep Purple\" href=\"https:\/\/nagel-guitars.de\/wp-content\/uploads\/NAGEL-Guitars-Classic-5-Wild-Deep-Purple-04-1.jpg\"><\/a><\/div><div class=\"w-gallery-item\"><div class=\"w-gallery-item-img\"><img loading=\"lazy\" decoding=\"async\" width=\"662\" height=\"1000\" src=\"https:\/\/nagel-guitars.de\/wp-content\/uploads\/NAGEL-Guitars-Classic-5-Wild-Deep-Purple-07-1.jpg\" class=\"attachment-large size-large\" alt=\"NAGEL Guitars - Classic 5 - Wild Deep Purple\" srcset=\"https:\/\/nagel-guitars.de\/wp-content\/uploads\/NAGEL-Guitars-Classic-5-Wild-Deep-Purple-07-1.jpg 662w, https:\/\/nagel-guitars.de\/wp-content\/uploads\/NAGEL-Guitars-Classic-5-Wild-Deep-Purple-07-1-199x300.jpg 199w, https:\/\/nagel-guitars.de\/wp-content\/uploads\/NAGEL-Guitars-Classic-5-Wild-Deep-Purple-07-1-430x650.jpg 430w, https:\/\/nagel-guitars.de\/wp-content\/uploads\/NAGEL-Guitars-Classic-5-Wild-Deep-Purple-07-1-600x906.jpg 600w\" sizes=\"auto, (max-width: 662px) 100vw, 662px\" \/><\/div><a class=\"w-gallery-item-link\" aria-label=\"NAGEL Guitars - Classic 5 - Wild Deep Purple\" href=\"https:\/\/nagel-guitars.de\/wp-content\/uploads\/NAGEL-Guitars-Classic-5-Wild-Deep-Purple-07-1.jpg\"><\/a><\/div><div class=\"w-gallery-item\"><div class=\"w-gallery-item-img\"><img loading=\"lazy\" decoding=\"async\" width=\"1000\" height=\"635\" src=\"https:\/\/nagel-guitars.de\/wp-content\/uploads\/NAGEL-Guitars-Classic-5-Wild-Deep-Purple-10-1.jpg\" class=\"attachment-large size-large\" alt=\"NAGEL Guitars - Classic 5 - Wild Deep Purple\" srcset=\"https:\/\/nagel-guitars.de\/wp-content\/uploads\/NAGEL-Guitars-Classic-5-Wild-Deep-Purple-10-1.jpg 1000w, https:\/\/nagel-guitars.de\/wp-content\/uploads\/NAGEL-Guitars-Classic-5-Wild-Deep-Purple-10-1-300x191.jpg 300w, https:\/\/nagel-guitars.de\/wp-content\/uploads\/NAGEL-Guitars-Classic-5-Wild-Deep-Purple-10-1-500x318.jpg 500w, https:\/\/nagel-guitars.de\/wp-content\/uploads\/NAGEL-Guitars-Classic-5-Wild-Deep-Purple-10-1-600x381.jpg 600w\" sizes=\"auto, (max-width: 1000px) 100vw, 1000px\" \/><\/div><a class=\"w-gallery-item-link\" aria-label=\"NAGEL Guitars - Classic 5 - Wild Deep Purple\" href=\"https:\/\/nagel-guitars.de\/wp-content\/uploads\/NAGEL-Guitars-Classic-5-Wild-Deep-Purple-10-1.jpg\"><\/a><\/div><div class=\"w-gallery-item\"><div class=\"w-gallery-item-img\"><img loading=\"lazy\" decoding=\"async\" width=\"1000\" height=\"562\" src=\"https:\/\/nagel-guitars.de\/wp-content\/uploads\/NAGEL-Guitars-Classic-5-Wild-Deep-Purple-09-1.jpg\" class=\"attachment-large size-large\" alt=\"NAGEL Guitars - Classic 5 - Wild Deep Purple\" srcset=\"https:\/\/nagel-guitars.de\/wp-content\/uploads\/NAGEL-Guitars-Classic-5-Wild-Deep-Purple-09-1.jpg 1000w, https:\/\/nagel-guitars.de\/wp-content\/uploads\/NAGEL-Guitars-Classic-5-Wild-Deep-Purple-09-1-300x169.jpg 300w, https:\/\/nagel-guitars.de\/wp-content\/uploads\/NAGEL-Guitars-Classic-5-Wild-Deep-Purple-09-1-500x281.jpg 500w, https:\/\/nagel-guitars.de\/wp-content\/uploads\/NAGEL-Guitars-Classic-5-Wild-Deep-Purple-09-1-600x337.jpg 600w\" sizes=\"auto, (max-width: 1000px) 100vw, 1000px\" \/><\/div><a class=\"w-gallery-item-link\" aria-label=\"NAGEL Guitars - Classic 5 - Wild Deep Purple\" href=\"https:\/\/nagel-guitars.de\/wp-content\/uploads\/NAGEL-Guitars-Classic-5-Wild-Deep-Purple-09-1.jpg\"><\/a><\/div><div class=\"w-gallery-item\"><div class=\"w-gallery-item-img\"><img loading=\"lazy\" decoding=\"async\" width=\"632\" height=\"1000\" src=\"https:\/\/nagel-guitars.de\/wp-content\/uploads\/NAGEL-Guitars-Classic-5-Wild-Deep-Purple-08-1.jpg\" class=\"attachment-large size-large\" alt=\"NAGEL Guitars - Classic 5 - Wild Deep Purple\" srcset=\"https:\/\/nagel-guitars.de\/wp-content\/uploads\/NAGEL-Guitars-Classic-5-Wild-Deep-Purple-08-1.jpg 632w, https:\/\/nagel-guitars.de\/wp-content\/uploads\/NAGEL-Guitars-Classic-5-Wild-Deep-Purple-08-1-190x300.jpg 190w, https:\/\/nagel-guitars.de\/wp-content\/uploads\/NAGEL-Guitars-Classic-5-Wild-Deep-Purple-08-1-411x650.jpg 411w, https:\/\/nagel-guitars.de\/wp-content\/uploads\/NAGEL-Guitars-Classic-5-Wild-Deep-Purple-08-1-600x949.jpg 600w\" sizes=\"auto, (max-width: 632px) 100vw, 632px\" \/><\/div><a class=\"w-gallery-item-link\" aria-label=\"NAGEL Guitars - Classic 5 - Wild Deep Purple\" href=\"https:\/\/nagel-guitars.de\/wp-content\/uploads\/NAGEL-Guitars-Classic-5-Wild-Deep-Purple-08-1.jpg\"><\/a><\/div><div class=\"w-gallery-item\"><div class=\"w-gallery-item-img\"><img loading=\"lazy\" decoding=\"async\" width=\"1000\" height=\"562\" src=\"https:\/\/nagel-guitars.de\/wp-content\/uploads\/NAGEL-Guitars-Classic-5-Wild-Deep-Purple-06-1.jpg\" class=\"attachment-large size-large\" alt=\"NAGEL Guitars - Classic 5 - Wild Deep Purple\" srcset=\"https:\/\/nagel-guitars.de\/wp-content\/uploads\/NAGEL-Guitars-Classic-5-Wild-Deep-Purple-06-1.jpg 1000w, https:\/\/nagel-guitars.de\/wp-content\/uploads\/NAGEL-Guitars-Classic-5-Wild-Deep-Purple-06-1-300x169.jpg 300w, https:\/\/nagel-guitars.de\/wp-content\/uploads\/NAGEL-Guitars-Classic-5-Wild-Deep-Purple-06-1-500x281.jpg 500w, https:\/\/nagel-guitars.de\/wp-content\/uploads\/NAGEL-Guitars-Classic-5-Wild-Deep-Purple-06-1-600x337.jpg 600w\" sizes=\"auto, (max-width: 1000px) 100vw, 1000px\" \/><\/div><a class=\"w-gallery-item-link\" aria-label=\"NAGEL Guitars - Classic 5 - Wild Deep Purple\" href=\"https:\/\/nagel-guitars.de\/wp-content\/uploads\/NAGEL-Guitars-Classic-5-Wild-Deep-Purple-06-1.jpg\"><\/a><\/div><div class=\"w-gallery-item\"><div class=\"w-gallery-item-img\"><img loading=\"lazy\" decoding=\"async\" width=\"1000\" height=\"542\" src=\"https:\/\/nagel-guitars.de\/wp-content\/uploads\/NAGEL-Guitars-Classic-5-Wild-Deep-Purple-05-1.jpg\" class=\"attachment-large size-large\" alt=\"NAGEL Guitars - Classic 5 - Wild Deep Purple\" srcset=\"https:\/\/nagel-guitars.de\/wp-content\/uploads\/NAGEL-Guitars-Classic-5-Wild-Deep-Purple-05-1.jpg 1000w, https:\/\/nagel-guitars.de\/wp-content\/uploads\/NAGEL-Guitars-Classic-5-Wild-Deep-Purple-05-1-300x163.jpg 300w, https:\/\/nagel-guitars.de\/wp-content\/uploads\/NAGEL-Guitars-Classic-5-Wild-Deep-Purple-05-1-500x271.jpg 500w, https:\/\/nagel-guitars.de\/wp-content\/uploads\/NAGEL-Guitars-Classic-5-Wild-Deep-Purple-05-1-600x325.jpg 600w\" sizes=\"auto, (max-width: 1000px) 100vw, 1000px\" \/><\/div><a class=\"w-gallery-item-link\" aria-label=\"NAGEL Guitars - Classic 5 - Wild Deep Purple\" href=\"https:\/\/nagel-guitars.de\/wp-content\/uploads\/NAGEL-Guitars-Classic-5-Wild-Deep-Purple-05-1.jpg\"><\/a><\/div><div class=\"w-gallery-item\"><div class=\"w-gallery-item-img\"><img loading=\"lazy\" decoding=\"async\" width=\"1000\" height=\"520\" src=\"https:\/\/nagel-guitars.de\/wp-content\/uploads\/NAGEL-Guitars-Classic-5-Wild-Deep-Purple-02-1.jpg\" class=\"attachment-large size-large\" alt=\"NAGEL Guitars - Classic 5 - Wild Deep Purple\" srcset=\"https:\/\/nagel-guitars.de\/wp-content\/uploads\/NAGEL-Guitars-Classic-5-Wild-Deep-Purple-02-1.jpg 1000w, https:\/\/nagel-guitars.de\/wp-content\/uploads\/NAGEL-Guitars-Classic-5-Wild-Deep-Purple-02-1-300x156.jpg 300w, https:\/\/nagel-guitars.de\/wp-content\/uploads\/NAGEL-Guitars-Classic-5-Wild-Deep-Purple-02-1-500x260.jpg 500w, https:\/\/nagel-guitars.de\/wp-content\/uploads\/NAGEL-Guitars-Classic-5-Wild-Deep-Purple-02-1-600x312.jpg 600w\" sizes=\"auto, (max-width: 1000px) 100vw, 1000px\" \/><\/div><a class=\"w-gallery-item-link\" aria-label=\"NAGEL Guitars - Classic 5 - Wild Deep Purple\" href=\"https:\/\/nagel-guitars.de\/wp-content\/uploads\/NAGEL-Guitars-Classic-5-Wild-Deep-Purple-02-1.jpg\"><\/a><\/div><\/div><\/div><\/div><\/div><\/div><\/div><\/section>\n","protected":false},"excerpt":{"rendered":"&lt; back to the overview E-Bass Classic 5 Wild Deep Purple One-piece alder body Neck: maple with bird&#8217;s-eye maple fingerboard Nut width: 44.5 mm Asymmetrical neck profile Fingerboard radius: 12&#8243; 22 jumbo frets Dual-action truss rod Gotoh tuners Frets and strings \u201cMade in Germany\u201d Handcrafted pickups from our own production Volume, PU balance, and two...","protected":false},"author":1,"featured_media":0,"parent":0,"menu_order":0,"comment_status":"closed","ping_status":"closed","template":"","meta":{"footnotes":""},"class_list":["post-1579","page","type-page","status-publish","hentry"],"yoast_head":"<!-- This site is optimized with the Yoast SEO plugin v27.4 - https:\/\/yoast.com\/product\/yoast-seo-wordpress\/ -->\n<title>Classic 5 Wild Deep Purple - NAGEL Guitars<\/title>\n<meta name=\"robots\" content=\"index, follow, max-snippet:-1, max-image-preview:large, max-video-preview:-1\" \/>\n<link rel=\"canonical\" href=\"https:\/\/nagel-guitars.de\/en\/classic-5-wild-deep-purple\/\" \/>\n<meta property=\"og:locale\" content=\"en_US\" \/>\n<meta property=\"og:type\" content=\"article\" \/>\n<meta property=\"og:title\" content=\"Classic 5 Wild Deep Purple - NAGEL Guitars\" \/>\n<meta property=\"og:url\" content=\"https:\/\/nagel-guitars.de\/en\/classic-5-wild-deep-purple\/\" \/>\n<meta property=\"og:site_name\" content=\"NAGEL Guitars\" \/>\n<meta property=\"article:modified_time\" content=\"2026-03-13T10:46:51+00:00\" \/>\n<meta name=\"twitter:card\" content=\"summary_large_image\" \/>\n<meta name=\"twitter:label1\" content=\"Est. reading time\" \/>\n\t<meta name=\"twitter:data1\" content=\"1 minute\" \/>\n<script type=\"application\/ld+json\" class=\"yoast-schema-graph\">{\"@context\":\"https:\\\/\\\/schema.org\",\"@graph\":[{\"@type\":\"WebPage\",\"@id\":\"https:\\\/\\\/nagel-guitars.de\\\/en\\\/classic-5-wild-deep-purple\\\/\",\"url\":\"https:\\\/\\\/nagel-guitars.de\\\/en\\\/classic-5-wild-deep-purple\\\/\",\"name\":\"Classic 5 Wild Deep Purple - NAGEL Guitars\",\"isPartOf\":{\"@id\":\"https:\\\/\\\/nagel-guitars.de\\\/en\\\/#website\"},\"datePublished\":\"2025-10-07T13:58:57+00:00\",\"dateModified\":\"2026-03-13T10:46:51+00:00\",\"breadcrumb\":{\"@id\":\"https:\\\/\\\/nagel-guitars.de\\\/en\\\/classic-5-wild-deep-purple\\\/#breadcrumb\"},\"inLanguage\":\"en-US\",\"potentialAction\":[{\"@type\":\"ReadAction\",\"target\":[\"https:\\\/\\\/nagel-guitars.de\\\/en\\\/classic-5-wild-deep-purple\\\/\"]}]},{\"@type\":\"BreadcrumbList\",\"@id\":\"https:\\\/\\\/nagel-guitars.de\\\/en\\\/classic-5-wild-deep-purple\\\/#breadcrumb\",\"itemListElement\":[{\"@type\":\"ListItem\",\"position\":1,\"name\":\"Startseite\",\"item\":\"https:\\\/\\\/nagel-guitars.de\\\/en\\\/\"},{\"@type\":\"ListItem\",\"position\":2,\"name\":\"Classic 5 Wild Deep Purple\"}]},{\"@type\":\"WebSite\",\"@id\":\"https:\\\/\\\/nagel-guitars.de\\\/en\\\/#website\",\"url\":\"https:\\\/\\\/nagel-guitars.de\\\/en\\\/\",\"name\":\"NAGEL Guitars\",\"description\":\"Handgefertigte E-B\u00e4sse und E-Gitarren aus Franken\",\"publisher\":{\"@id\":\"https:\\\/\\\/nagel-guitars.de\\\/en\\\/#organization\"},\"potentialAction\":[{\"@type\":\"SearchAction\",\"target\":{\"@type\":\"EntryPoint\",\"urlTemplate\":\"https:\\\/\\\/nagel-guitars.de\\\/en\\\/?s={search_term_string}\"},\"query-input\":{\"@type\":\"PropertyValueSpecification\",\"valueRequired\":true,\"valueName\":\"search_term_string\"}}],\"inLanguage\":\"en-US\"},{\"@type\":\"Organization\",\"@id\":\"https:\\\/\\\/nagel-guitars.de\\\/en\\\/#organization\",\"name\":\"NAGEL Guitars\",\"url\":\"https:\\\/\\\/nagel-guitars.de\\\/en\\\/\",\"logo\":{\"@type\":\"ImageObject\",\"inLanguage\":\"en-US\",\"@id\":\"https:\\\/\\\/nagel-guitars.de\\\/en\\\/#\\\/schema\\\/logo\\\/image\\\/\",\"url\":\"https:\\\/\\\/nagel-guitars.de\\\/wp-content\\\/uploads\\\/logo_blk.png\",\"contentUrl\":\"https:\\\/\\\/nagel-guitars.de\\\/wp-content\\\/uploads\\\/logo_blk.png\",\"width\":257,\"height\":100,\"caption\":\"NAGEL Guitars\"},\"image\":{\"@id\":\"https:\\\/\\\/nagel-guitars.de\\\/en\\\/#\\\/schema\\\/logo\\\/image\\\/\"}}]}<\/script>\n<!-- \/ Yoast SEO plugin. -->","yoast_head_json":{"title":"Classic 5 Wild Deep Purple - NAGEL Guitars","robots":{"index":"index","follow":"follow","max-snippet":"max-snippet:-1","max-image-preview":"max-image-preview:large","max-video-preview":"max-video-preview:-1"},"canonical":"https:\/\/nagel-guitars.de\/en\/classic-5-wild-deep-purple\/","og_locale":"en_US","og_type":"article","og_title":"Classic 5 Wild Deep Purple - NAGEL Guitars","og_url":"https:\/\/nagel-guitars.de\/en\/classic-5-wild-deep-purple\/","og_site_name":"NAGEL Guitars","article_modified_time":"2026-03-13T10:46:51+00:00","twitter_card":"summary_large_image","twitter_misc":{"Est. reading time":"1 minute"},"schema":{"@context":"https:\/\/schema.org","@graph":[{"@type":"WebPage","@id":"https:\/\/nagel-guitars.de\/en\/classic-5-wild-deep-purple\/","url":"https:\/\/nagel-guitars.de\/en\/classic-5-wild-deep-purple\/","name":"Classic 5 Wild Deep Purple - NAGEL Guitars","isPartOf":{"@id":"https:\/\/nagel-guitars.de\/en\/#website"},"datePublished":"2025-10-07T13:58:57+00:00","dateModified":"2026-03-13T10:46:51+00:00","breadcrumb":{"@id":"https:\/\/nagel-guitars.de\/en\/classic-5-wild-deep-purple\/#breadcrumb"},"inLanguage":"en-US","potentialAction":[{"@type":"ReadAction","target":["https:\/\/nagel-guitars.de\/en\/classic-5-wild-deep-purple\/"]}]},{"@type":"BreadcrumbList","@id":"https:\/\/nagel-guitars.de\/en\/classic-5-wild-deep-purple\/#breadcrumb","itemListElement":[{"@type":"ListItem","position":1,"name":"Startseite","item":"https:\/\/nagel-guitars.de\/en\/"},{"@type":"ListItem","position":2,"name":"Classic 5 Wild Deep Purple"}]},{"@type":"WebSite","@id":"https:\/\/nagel-guitars.de\/en\/#website","url":"https:\/\/nagel-guitars.de\/en\/","name":"NAGEL Guitars","description":"Handgefertigte E-B\u00e4sse und E-Gitarren aus Franken","publisher":{"@id":"https:\/\/nagel-guitars.de\/en\/#organization"},"potentialAction":[{"@type":"SearchAction","target":{"@type":"EntryPoint","urlTemplate":"https:\/\/nagel-guitars.de\/en\/?s={search_term_string}"},"query-input":{"@type":"PropertyValueSpecification","valueRequired":true,"valueName":"search_term_string"}}],"inLanguage":"en-US"},{"@type":"Organization","@id":"https:\/\/nagel-guitars.de\/en\/#organization","name":"NAGEL Guitars","url":"https:\/\/nagel-guitars.de\/en\/","logo":{"@type":"ImageObject","inLanguage":"en-US","@id":"https:\/\/nagel-guitars.de\/en\/#\/schema\/logo\/image\/","url":"https:\/\/nagel-guitars.de\/wp-content\/uploads\/logo_blk.png","contentUrl":"https:\/\/nagel-guitars.de\/wp-content\/uploads\/logo_blk.png","width":257,"height":100,"caption":"NAGEL Guitars"},"image":{"@id":"https:\/\/nagel-guitars.de\/en\/#\/schema\/logo\/image\/"}}]}},"_links":{"self":[{"href":"https:\/\/nagel-guitars.de\/en\/wp-json\/wp\/v2\/pages\/1579","targetHints":{"allow":["GET"]}}],"collection":[{"href":"https:\/\/nagel-guitars.de\/en\/wp-json\/wp\/v2\/pages"}],"about":[{"href":"https:\/\/nagel-guitars.de\/en\/wp-json\/wp\/v2\/types\/page"}],"author":[{"embeddable":true,"href":"https:\/\/nagel-guitars.de\/en\/wp-json\/wp\/v2\/users\/1"}],"replies":[{"embeddable":true,"href":"https:\/\/nagel-guitars.de\/en\/wp-json\/wp\/v2\/comments?post=1579"}],"version-history":[{"count":5,"href":"https:\/\/nagel-guitars.de\/en\/wp-json\/wp\/v2\/pages\/1579\/revisions"}],"predecessor-version":[{"id":1639,"href":"https:\/\/nagel-guitars.de\/en\/wp-json\/wp\/v2\/pages\/1579\/revisions\/1639"}],"wp:attachment":[{"href":"https:\/\/nagel-guitars.de\/en\/wp-json\/wp\/v2\/media?parent=1579"}],"curies":[{"name":"wp","href":"https:\/\/api.w.org\/{rel}","templated":true}]}}