{"id":1462,"date":"2024-01-10T20:16:22","date_gmt":"2024-01-10T19:16:22","guid":{"rendered":"https:\/\/nagel-guitars.de\/?page_id=1462"},"modified":"2026-04-07T06:58:04","modified_gmt":"2026-04-07T04:58:04","slug":"classic-bass-ash-natural","status":"publish","type":"page","link":"https:\/\/nagel-guitars.de\/en\/classic-bass-ash-natural\/","title":{"rendered":"Classic Bass Ash Natural"},"content":{"rendered":"<section class=\"l-section wpb_row height_medium\"><div class=\"l-section-h i-cf\"><div class=\"g-cols vc_row via_grid cols_2 laptops-cols_inherit tablets-cols_inherit mobiles-cols_1 valign_top type_default stacking_default\"><div class=\"wpb_column vc_column_container\"><div class=\"vc_column-inner\"><div class=\"w-image align_center\"><div class=\"w-image-h\"><img decoding=\"async\" width=\"500\" height=\"380\" src=\"https:\/\/nagel-guitars.de\/wp-content\/uploads\/Classic-Bass-Esche-natur-01.jpg\" class=\"attachment-us_500_650 size-us_500_650\" alt=\"NAGEL Guitars - Classic Bass natural ash\" loading=\"lazy\" srcset=\"https:\/\/nagel-guitars.de\/wp-content\/uploads\/Classic-Bass-Esche-natur-01.jpg 500w, https:\/\/nagel-guitars.de\/wp-content\/uploads\/Classic-Bass-Esche-natur-01-300x228.jpg 300w\" sizes=\"auto, (max-width: 500px) 100vw, 500px\" \/><\/div><\/div><\/div><\/div><div class=\"wpb_column vc_column_container\"><div class=\"vc_column-inner\"><div class=\"wpb_text_column us_custom_2f842fc0\"><div class=\"wpb_wrapper\"><p style=\"text-align: right;\"><a href=\"https:\/\/nagel-guitars.de\/en\/for-sale\/\">&lt; back to the overview<br \/>\n<\/a><\/p>\n<\/div><\/div><div class=\"w-text us_custom_2e2bc8da has_text_color\"><span class=\"w-text-h\"><span class=\"w-text-value\">E-Bass Classic Ash Natural<\/span><\/span><\/div><div class=\"w-separator size_custom with_line width_default thick_1 style_solid color_border align_center\" style=\"height:40px\"><div class=\"w-separator-h\"><\/div><\/div><div class=\"wpb_text_column\"><div class=\"wpb_wrapper\"><ul>\n<li>One-piece ash body (European ash)<\/li>\n<li>Neck European maple, fingerboard plum wood<\/li>\n<li>Nut width 42mm<\/li>\n<li>Fretboard radius: 9.5&#8243;<\/li>\n<li>22 jumbo frets<\/li>\n<li>Dual-action truss rod<\/li>\n<li>Machine heads, frets and strings &#8220;Made in Germany&#8221;<\/li>\n<li>Handmade pickups from our own production<\/li>\n<li>Volume, PU balance and tone controls<\/li>\n<li>Multi-contact jack socket<\/li>\n<li>Babicz Full Contact Bridge<\/li>\n<li>String-through-body (top load possible)<\/li>\n<li>Strings .045-.105<\/li>\n<li>Natural Line<\/li>\n<li>Weight: 4.38 kg<\/li>\n<li>incl. ABS case<\/li>\n<\/ul>\n<\/div><\/div><div class=\"w-separator size_custom with_line width_default thick_1 style_solid color_border align_center\" style=\"height:40px\"><div class=\"w-separator-h\"><\/div><\/div><div class=\"wpb_text_column us_custom_4fd89a8b\"><div class=\"wpb_wrapper\"><p style=\"text-align: right;\">Price: <span style=\"font-size: 18pt;\">2.599,- EUR<br \/>\n<span style=\"font-size: 8pt;\">incl. VAT and shipping within Germany<\/span><\/span><\/p>\n<p style=\"text-align: right;\"><a href=\"https:\/\/reverb.com\/de\/item\/78036681-nagel-classic-bass-esche-natur\" target=\"_blank\" rel=\"noopener\"><img loading=\"lazy\" decoding=\"async\" class=\"alignnone size-full wp-image-735\" src=\"https:\/\/nagel-guitars.de\/wp-content\/uploads\/reverb_shop.png\" alt=\"\" width=\"122\" height=\"38\" \/><\/a><\/p>\n<\/div><\/div><div class=\"w-popup w-btn-wrapper align_none\"><button type=\"button\" aria-label=\"Questions about this instrument ?\" class=\"w-popup-trigger type_btn w-btn us-btn-style_2 icon_atright\"><span class=\"w-btn-label\">Questions about this instrument ?<\/span><i class=\"fal fa-envelope\"><\/i><\/button><div class=\"w-popup-overlay\" style=\"background:rgba(0,0,0,0.85);\"><\/div><div class=\"w-popup-wrap layout_default\" role=\"dialog\" aria-modal=\"true\" aria-label=\"Questions about this instrument ?\" style=\"--title-color:var(--color-content-heading);--title-bg-color:var(--color-content-bg-alt);--content-color:var(--color-content-text);--content-bg-color:var(--color-content-bg);--popup-width:600px;--popup-padding:5%;\"><div class=\"w-popup-box animation_fadeIn closerpos_inside without_title\"><div class=\"w-popup-box-h\"><button aria-label=\"Close\" class=\"w-popup-closer\" type=\"button\"><\/button><div class=\"w-popup-box-content\"><div class=\"wpcf7 no-js\" id=\"wpcf7-f11-o1\" lang=\"de-DE\" dir=\"ltr\" data-wpcf7-id=\"11\">\n<div class=\"screen-reader-response\"><p role=\"status\" aria-live=\"polite\" aria-atomic=\"true\"><\/p> <ul><\/ul><\/div>\n<form action=\"\/en\/wp-json\/wp\/v2\/pages\/1462#wpcf7-f11-o1\" method=\"post\" class=\"wpcf7-form init\" aria-label=\"Kontaktformular\" novalidate=\"novalidate\" data-status=\"init\">\n<fieldset class=\"hidden-fields-container\"><input type=\"hidden\" name=\"_wpcf7\" value=\"11\" \/><input type=\"hidden\" name=\"_wpcf7_version\" value=\"6.1.5\" \/><input type=\"hidden\" name=\"_wpcf7_locale\" value=\"de_DE\" \/><input type=\"hidden\" name=\"_wpcf7_unit_tag\" value=\"wpcf7-f11-o1\" \/><input type=\"hidden\" name=\"_wpcf7_container_post\" value=\"0\" \/><input type=\"hidden\" name=\"_wpcf7_posted_data_hash\" value=\"\" \/>\n<\/fieldset>\n<p><label> Dein Name *<br \/>\n<span class=\"wpcf7-form-control-wrap\" data-name=\"your-name\"><input size=\"40\" maxlength=\"400\" class=\"wpcf7-form-control wpcf7-text wpcf7-validates-as-required\" aria-required=\"true\" aria-invalid=\"false\" value=\"\" type=\"text\" name=\"your-name\" \/><\/span> <\/label>\n<\/p>\n<p><label> Deine E-Mail-Adresse *<br \/>\n<span class=\"wpcf7-form-control-wrap\" data-name=\"your-email\"><input size=\"40\" maxlength=\"400\" class=\"wpcf7-form-control wpcf7-email wpcf7-validates-as-required wpcf7-text wpcf7-validates-as-email\" aria-required=\"true\" aria-invalid=\"false\" value=\"\" type=\"email\" name=\"your-email\" \/><\/span> <\/label>\n<\/p>\n<p><label> Betreff<br \/>\n<span class=\"wpcf7-form-control-wrap\" data-name=\"your-subject\"><input size=\"40\" maxlength=\"400\" class=\"wpcf7-form-control wpcf7-text\" aria-invalid=\"false\" value=\"\" type=\"text\" name=\"your-subject\" \/><\/span> <\/label>\n<\/p>\n<p><label> Deine Nachricht<br \/>\n<span class=\"wpcf7-form-control-wrap\" data-name=\"your-message\"><textarea cols=\"40\" rows=\"10\" maxlength=\"2000\" class=\"wpcf7-form-control wpcf7-textarea\" aria-invalid=\"false\" name=\"your-message\"><\/textarea><\/span> <\/label>\n<\/p>\n<p><span class=\"wpcf7-form-control-wrap\" data-name=\"quiz-294\"><label><span class=\"wpcf7-quiz-label\">Captcha: Wieviel ergibt 41+7?<\/span> <input size=\"40\" class=\"wpcf7-form-control wpcf7-quiz\" autocomplete=\"off\" aria-required=\"true\" aria-invalid=\"false\" type=\"text\" name=\"quiz-294\" \/><\/label><input type=\"hidden\" name=\"_wpcf7_quiz_answer_quiz-294\" value=\"0e42d890e1ac03572cda1442f4694175\" \/><\/span>\n<\/p>\n<p><span class=\"wpcf7-form-control-wrap\" data-name=\"checkbox-213\"><span class=\"wpcf7-form-control wpcf7-checkbox wpcf7-validates-as-required\"><span class=\"wpcf7-list-item first last\"><input type=\"checkbox\" name=\"checkbox-213[]\" value=\"Ich willige darin ein, dass NAGEL Guitars die von mir \u00fcberreichten Informationen und Kontaktdaten dazu verwendet um mit mir anl\u00e4sslich meiner Kontaktaufnahme in Verbindung zu treten, hier\u00fcber zu kommunizieren und meine Anfrage abzuwickeln.\" \/><span class=\"wpcf7-list-item-label\">Ich willige darin ein, dass NAGEL Guitars die von mir \u00fcberreichten Informationen und Kontaktdaten dazu verwendet um mit mir anl\u00e4sslich meiner Kontaktaufnahme in Verbindung zu treten, hier\u00fcber zu kommunizieren und meine Anfrage abzuwickeln.<\/span><\/span><\/span><\/span><br \/>\n<a href=\"https:\/\/nagel-guitars.de\/datenschutzerklaerung\/\">Bitte beachte hierzu auch unsere Datenschutzerkl\u00e4rung<\/a>\n<\/p>\n<p><input class=\"wpcf7-form-control wpcf7-submit has-spinner\" type=\"submit\" value=\"Senden\" \/>\n<\/p><input type='hidden' class='wpcf7-pum' value='{\"closepopup\":false,\"closedelay\":0,\"openpopup\":false,\"openpopup_id\":0}' \/><div class=\"wpcf7-response-output\" aria-hidden=\"true\"><\/div>\n<\/form>\n<\/div>\n<\/div><\/div><\/div><\/div><\/div><\/div><\/div><\/div><\/div><\/section><section class=\"l-section wpb_row us_custom_e4eb24e1 height_small\"><div class=\"l-section-h i-cf\"><div class=\"g-cols vc_row via_grid cols_1 laptops-cols_inherit tablets-cols_inherit mobiles-cols_1 valign_top type_default stacking_default\"><div class=\"wpb_column vc_column_container\"><div class=\"vc_column-inner\"><div class=\"w-gallery fit_cover type_masonry action_popup_image with_isotope ratio_auto count_9\" style=\"--columns:6;--items-gap:10px;\"><div class=\"w-gallery-list\"><div class=\"w-gallery-item\"><div class=\"w-gallery-item-img\"><img loading=\"lazy\" decoding=\"async\" width=\"1000\" height=\"725\" src=\"https:\/\/nagel-guitars.de\/wp-content\/uploads\/Classic-Bass-Esche-natur-05.jpg\" class=\"attachment-large size-large\" alt=\"NAGEL Guitars - Classic Bass Esche natur\" srcset=\"https:\/\/nagel-guitars.de\/wp-content\/uploads\/Classic-Bass-Esche-natur-05.jpg 1000w, https:\/\/nagel-guitars.de\/wp-content\/uploads\/Classic-Bass-Esche-natur-05-300x218.jpg 300w, https:\/\/nagel-guitars.de\/wp-content\/uploads\/Classic-Bass-Esche-natur-05-500x363.jpg 500w, https:\/\/nagel-guitars.de\/wp-content\/uploads\/Classic-Bass-Esche-natur-05-600x435.jpg 600w\" sizes=\"auto, (max-width: 1000px) 100vw, 1000px\" \/><\/div><a class=\"w-gallery-item-link\" aria-label=\"NAGEL Guitars - Classic Bass Esche natur\" href=\"https:\/\/nagel-guitars.de\/wp-content\/uploads\/Classic-Bass-Esche-natur-05.jpg\"><\/a><\/div><div class=\"w-gallery-item\"><div class=\"w-gallery-item-img\"><img loading=\"lazy\" decoding=\"async\" width=\"1000\" height=\"750\" src=\"https:\/\/nagel-guitars.de\/wp-content\/uploads\/Classic-Bass-Esche-natur-08.jpg\" class=\"attachment-large size-large\" alt=\"NAGEL Guitars - Classic Bass Esche natur\" srcset=\"https:\/\/nagel-guitars.de\/wp-content\/uploads\/Classic-Bass-Esche-natur-08.jpg 1000w, https:\/\/nagel-guitars.de\/wp-content\/uploads\/Classic-Bass-Esche-natur-08-300x225.jpg 300w, https:\/\/nagel-guitars.de\/wp-content\/uploads\/Classic-Bass-Esche-natur-08-500x375.jpg 500w, https:\/\/nagel-guitars.de\/wp-content\/uploads\/Classic-Bass-Esche-natur-08-600x450.jpg 600w\" sizes=\"auto, (max-width: 1000px) 100vw, 1000px\" \/><\/div><a class=\"w-gallery-item-link\" aria-label=\"NAGEL Guitars - Classic Bass Esche natur\" href=\"https:\/\/nagel-guitars.de\/wp-content\/uploads\/Classic-Bass-Esche-natur-08.jpg\"><\/a><\/div><div class=\"w-gallery-item\"><div class=\"w-gallery-item-img\"><img loading=\"lazy\" decoding=\"async\" width=\"1000\" height=\"418\" src=\"https:\/\/nagel-guitars.de\/wp-content\/uploads\/Classic-Bass-Esche-natur-03.jpg\" class=\"attachment-large size-large\" alt=\"NAGEL Guitars - Classic Bass Esche natur\" srcset=\"https:\/\/nagel-guitars.de\/wp-content\/uploads\/Classic-Bass-Esche-natur-03.jpg 1000w, https:\/\/nagel-guitars.de\/wp-content\/uploads\/Classic-Bass-Esche-natur-03-300x125.jpg 300w, https:\/\/nagel-guitars.de\/wp-content\/uploads\/Classic-Bass-Esche-natur-03-500x209.jpg 500w, https:\/\/nagel-guitars.de\/wp-content\/uploads\/Classic-Bass-Esche-natur-03-600x251.jpg 600w\" sizes=\"auto, (max-width: 1000px) 100vw, 1000px\" \/><\/div><a class=\"w-gallery-item-link\" aria-label=\"NAGEL Guitars - Classic Bass Esche natur\" href=\"https:\/\/nagel-guitars.de\/wp-content\/uploads\/Classic-Bass-Esche-natur-03.jpg\"><\/a><\/div><div class=\"w-gallery-item\"><div class=\"w-gallery-item-img\"><img loading=\"lazy\" decoding=\"async\" width=\"1000\" height=\"622\" src=\"https:\/\/nagel-guitars.de\/wp-content\/uploads\/Classic-Bass-Esche-natur-04.jpg\" class=\"attachment-large size-large\" alt=\"NAGEL Guitars - Classic Bass Esche natur\" srcset=\"https:\/\/nagel-guitars.de\/wp-content\/uploads\/Classic-Bass-Esche-natur-04.jpg 1000w, https:\/\/nagel-guitars.de\/wp-content\/uploads\/Classic-Bass-Esche-natur-04-300x187.jpg 300w, https:\/\/nagel-guitars.de\/wp-content\/uploads\/Classic-Bass-Esche-natur-04-500x311.jpg 500w, https:\/\/nagel-guitars.de\/wp-content\/uploads\/Classic-Bass-Esche-natur-04-600x373.jpg 600w\" sizes=\"auto, (max-width: 1000px) 100vw, 1000px\" \/><\/div><a class=\"w-gallery-item-link\" aria-label=\"NAGEL Guitars - Classic Bass Esche natur\" href=\"https:\/\/nagel-guitars.de\/wp-content\/uploads\/Classic-Bass-Esche-natur-04.jpg\"><\/a><\/div><div class=\"w-gallery-item\"><div class=\"w-gallery-item-img\"><img loading=\"lazy\" decoding=\"async\" width=\"1000\" height=\"583\" src=\"https:\/\/nagel-guitars.de\/wp-content\/uploads\/Classic-Bass-Esche-natur-09.jpg\" class=\"attachment-large size-large\" alt=\"NAGEL Guitars - Classic Bass Esche natur\" srcset=\"https:\/\/nagel-guitars.de\/wp-content\/uploads\/Classic-Bass-Esche-natur-09.jpg 1000w, https:\/\/nagel-guitars.de\/wp-content\/uploads\/Classic-Bass-Esche-natur-09-300x175.jpg 300w, https:\/\/nagel-guitars.de\/wp-content\/uploads\/Classic-Bass-Esche-natur-09-500x292.jpg 500w, https:\/\/nagel-guitars.de\/wp-content\/uploads\/Classic-Bass-Esche-natur-09-600x350.jpg 600w\" sizes=\"auto, (max-width: 1000px) 100vw, 1000px\" \/><\/div><a class=\"w-gallery-item-link\" aria-label=\"NAGEL Guitars - Classic Bass Esche natur\" href=\"https:\/\/nagel-guitars.de\/wp-content\/uploads\/Classic-Bass-Esche-natur-09.jpg\"><\/a><\/div><div class=\"w-gallery-item\"><div class=\"w-gallery-item-img\"><img loading=\"lazy\" decoding=\"async\" width=\"1000\" height=\"622\" src=\"https:\/\/nagel-guitars.de\/wp-content\/uploads\/Classic-Bass-Esche-natur-10.jpg\" class=\"attachment-large size-large\" alt=\"NAGEL Guitars - Classic Bass Esche natur\" srcset=\"https:\/\/nagel-guitars.de\/wp-content\/uploads\/Classic-Bass-Esche-natur-10.jpg 1000w, https:\/\/nagel-guitars.de\/wp-content\/uploads\/Classic-Bass-Esche-natur-10-300x187.jpg 300w, https:\/\/nagel-guitars.de\/wp-content\/uploads\/Classic-Bass-Esche-natur-10-500x311.jpg 500w, https:\/\/nagel-guitars.de\/wp-content\/uploads\/Classic-Bass-Esche-natur-10-600x373.jpg 600w\" sizes=\"auto, (max-width: 1000px) 100vw, 1000px\" \/><\/div><a class=\"w-gallery-item-link\" aria-label=\"NAGEL Guitars - Classic Bass Esche natur\" href=\"https:\/\/nagel-guitars.de\/wp-content\/uploads\/Classic-Bass-Esche-natur-10.jpg\"><\/a><\/div><div class=\"w-gallery-item\"><div class=\"w-gallery-item-img\"><img loading=\"lazy\" decoding=\"async\" width=\"1000\" height=\"640\" src=\"https:\/\/nagel-guitars.de\/wp-content\/uploads\/Classic-Bass-Esche-natur-06.jpg\" class=\"attachment-large size-large\" alt=\"NAGEL Guitars - Classic Bass Esche natur\" srcset=\"https:\/\/nagel-guitars.de\/wp-content\/uploads\/Classic-Bass-Esche-natur-06.jpg 1000w, https:\/\/nagel-guitars.de\/wp-content\/uploads\/Classic-Bass-Esche-natur-06-300x192.jpg 300w, https:\/\/nagel-guitars.de\/wp-content\/uploads\/Classic-Bass-Esche-natur-06-500x320.jpg 500w, https:\/\/nagel-guitars.de\/wp-content\/uploads\/Classic-Bass-Esche-natur-06-600x384.jpg 600w\" sizes=\"auto, (max-width: 1000px) 100vw, 1000px\" \/><\/div><a class=\"w-gallery-item-link\" aria-label=\"NAGEL Guitars - Classic Bass Esche natur\" href=\"https:\/\/nagel-guitars.de\/wp-content\/uploads\/Classic-Bass-Esche-natur-06.jpg\"><\/a><\/div><div class=\"w-gallery-item\"><div class=\"w-gallery-item-img\"><img loading=\"lazy\" decoding=\"async\" width=\"1000\" height=\"598\" src=\"https:\/\/nagel-guitars.de\/wp-content\/uploads\/Classic-Bass-Esche-natur-07.jpg\" class=\"attachment-large size-large\" alt=\"NAGEL Guitars - Classic Bass Esche natur\" srcset=\"https:\/\/nagel-guitars.de\/wp-content\/uploads\/Classic-Bass-Esche-natur-07.jpg 1000w, https:\/\/nagel-guitars.de\/wp-content\/uploads\/Classic-Bass-Esche-natur-07-300x179.jpg 300w, https:\/\/nagel-guitars.de\/wp-content\/uploads\/Classic-Bass-Esche-natur-07-500x299.jpg 500w, https:\/\/nagel-guitars.de\/wp-content\/uploads\/Classic-Bass-Esche-natur-07-600x359.jpg 600w\" sizes=\"auto, (max-width: 1000px) 100vw, 1000px\" \/><\/div><a class=\"w-gallery-item-link\" aria-label=\"NAGEL Guitars - Classic Bass Esche natur\" href=\"https:\/\/nagel-guitars.de\/wp-content\/uploads\/Classic-Bass-Esche-natur-07.jpg\"><\/a><\/div><div class=\"w-gallery-item\"><div class=\"w-gallery-item-img\"><img loading=\"lazy\" decoding=\"async\" width=\"1000\" height=\"759\" src=\"https:\/\/nagel-guitars.de\/wp-content\/uploads\/Classic-Bass-Esche-natur-02.jpg\" class=\"attachment-large size-large\" alt=\"NAGEL Guitars - Classic Bass natural ash\" srcset=\"https:\/\/nagel-guitars.de\/wp-content\/uploads\/Classic-Bass-Esche-natur-02.jpg 1000w, https:\/\/nagel-guitars.de\/wp-content\/uploads\/Classic-Bass-Esche-natur-02-300x228.jpg 300w, https:\/\/nagel-guitars.de\/wp-content\/uploads\/Classic-Bass-Esche-natur-02-500x380.jpg 500w, https:\/\/nagel-guitars.de\/wp-content\/uploads\/Classic-Bass-Esche-natur-02-600x455.jpg 600w\" sizes=\"auto, (max-width: 1000px) 100vw, 1000px\" \/><\/div><a class=\"w-gallery-item-link\" aria-label=\"NAGEL Guitars - Classic Bass natural ash\" href=\"https:\/\/nagel-guitars.de\/wp-content\/uploads\/Classic-Bass-Esche-natur-02.jpg\"><\/a><\/div><\/div><\/div><\/div><\/div><\/div><\/div><\/section><section class=\"l-section wpb_row height_small\"><div class=\"l-section-h i-cf\"><div class=\"g-cols vc_row via_grid cols_1-2-1 laptops-cols_inherit tablets-cols_inherit mobiles-cols_1 valign_top type_default stacking_default\"><div class=\"wpb_column vc_column_container\"><div class=\"vc_column-inner\"><\/div><\/div><div class=\"wpb_column vc_column_container\"><div class=\"vc_column-inner\"><div class=\"w-video align_none ratio_16x9 has_iframe\"><div class=\"w-video-h\"><iframe title=\"Youtube video player\" src=\"\/\/www.youtube.com\/embed\/9Gw45ZqDlRQ?autoplay=0&controls=1&origin=https:\/\/nagel-guitars.de\/en\/&loop=0&mute=0\" allowfullscreen=\"1\" loading=\"lazy\"><\/iframe><\/div><\/div><\/div><\/div><div class=\"wpb_column vc_column_container\"><div class=\"vc_column-inner\"><\/div><\/div><\/div><\/div><\/section>\n","protected":false},"excerpt":{"rendered":"&lt; back to the overview E-Bass Classic Ash Natural One-piece ash body (European ash) Neck European maple, fingerboard plum wood Nut width 42mm Fretboard radius: 9.5&#8243; 22 jumbo frets Dual-action truss rod Machine heads, frets and strings &#8220;Made in Germany&#8221; Handmade pickups from our own production Volume, PU balance and tone controls Multi-contact jack socket...","protected":false},"author":1,"featured_media":0,"parent":0,"menu_order":0,"comment_status":"closed","ping_status":"closed","template":"","meta":{"footnotes":""},"class_list":["post-1462","page","type-page","status-publish","hentry"],"yoast_head":"<!-- This site is optimized with the Yoast SEO plugin v27.5 - https:\/\/yoast.com\/product\/yoast-seo-wordpress\/ -->\n<title>Classic Bass Ash Natural - NAGEL Guitars<\/title>\n<meta name=\"robots\" content=\"index, follow, max-snippet:-1, max-image-preview:large, max-video-preview:-1\" \/>\n<link rel=\"canonical\" href=\"https:\/\/nagel-guitars.de\/en\/classic-bass-ash-natural\/\" \/>\n<meta property=\"og:locale\" content=\"en_US\" \/>\n<meta property=\"og:type\" content=\"article\" \/>\n<meta property=\"og:title\" content=\"Classic Bass Ash Natural - NAGEL Guitars\" \/>\n<meta property=\"og:url\" content=\"https:\/\/nagel-guitars.de\/en\/classic-bass-ash-natural\/\" \/>\n<meta property=\"og:site_name\" content=\"NAGEL Guitars\" \/>\n<meta property=\"article:modified_time\" content=\"2026-04-07T04:58:04+00:00\" \/>\n<meta property=\"og:image\" content=\"https:\/\/nagel-guitars.de\/wp-content\/uploads\/reverb_shop.png\" \/>\n<meta name=\"twitter:card\" content=\"summary_large_image\" \/>\n<meta name=\"twitter:label1\" content=\"Est. reading time\" \/>\n\t<meta name=\"twitter:data1\" content=\"1 minute\" \/>\n<script type=\"application\/ld+json\" class=\"yoast-schema-graph\">{\"@context\":\"https:\\\/\\\/schema.org\",\"@graph\":[{\"@type\":\"WebPage\",\"@id\":\"https:\\\/\\\/nagel-guitars.de\\\/en\\\/classic-bass-ash-natural\\\/\",\"url\":\"https:\\\/\\\/nagel-guitars.de\\\/en\\\/classic-bass-ash-natural\\\/\",\"name\":\"Classic Bass Ash Natural - NAGEL Guitars\",\"isPartOf\":{\"@id\":\"https:\\\/\\\/nagel-guitars.de\\\/en\\\/#website\"},\"primaryImageOfPage\":{\"@id\":\"https:\\\/\\\/nagel-guitars.de\\\/en\\\/classic-bass-ash-natural\\\/#primaryimage\"},\"image\":{\"@id\":\"https:\\\/\\\/nagel-guitars.de\\\/en\\\/classic-bass-ash-natural\\\/#primaryimage\"},\"thumbnailUrl\":\"https:\\\/\\\/nagel-guitars.de\\\/wp-content\\\/uploads\\\/reverb_shop.png\",\"datePublished\":\"2024-01-10T19:16:22+00:00\",\"dateModified\":\"2026-04-07T04:58:04+00:00\",\"breadcrumb\":{\"@id\":\"https:\\\/\\\/nagel-guitars.de\\\/en\\\/classic-bass-ash-natural\\\/#breadcrumb\"},\"inLanguage\":\"en-US\",\"potentialAction\":[{\"@type\":\"ReadAction\",\"target\":[\"https:\\\/\\\/nagel-guitars.de\\\/en\\\/classic-bass-ash-natural\\\/\"]}]},{\"@type\":\"ImageObject\",\"inLanguage\":\"en-US\",\"@id\":\"https:\\\/\\\/nagel-guitars.de\\\/en\\\/classic-bass-ash-natural\\\/#primaryimage\",\"url\":\"https:\\\/\\\/nagel-guitars.de\\\/wp-content\\\/uploads\\\/reverb_shop.png\",\"contentUrl\":\"https:\\\/\\\/nagel-guitars.de\\\/wp-content\\\/uploads\\\/reverb_shop.png\"},{\"@type\":\"BreadcrumbList\",\"@id\":\"https:\\\/\\\/nagel-guitars.de\\\/en\\\/classic-bass-ash-natural\\\/#breadcrumb\",\"itemListElement\":[{\"@type\":\"ListItem\",\"position\":1,\"name\":\"Startseite\",\"item\":\"https:\\\/\\\/nagel-guitars.de\\\/en\\\/\"},{\"@type\":\"ListItem\",\"position\":2,\"name\":\"Classic Bass Ash Natural\"}]},{\"@type\":\"WebSite\",\"@id\":\"https:\\\/\\\/nagel-guitars.de\\\/en\\\/#website\",\"url\":\"https:\\\/\\\/nagel-guitars.de\\\/en\\\/\",\"name\":\"NAGEL Guitars\",\"description\":\"Handgefertigte E-B\u00e4sse und E-Gitarren aus Franken\",\"publisher\":{\"@id\":\"https:\\\/\\\/nagel-guitars.de\\\/en\\\/#organization\"},\"potentialAction\":[{\"@type\":\"SearchAction\",\"target\":{\"@type\":\"EntryPoint\",\"urlTemplate\":\"https:\\\/\\\/nagel-guitars.de\\\/en\\\/?s={search_term_string}\"},\"query-input\":{\"@type\":\"PropertyValueSpecification\",\"valueRequired\":true,\"valueName\":\"search_term_string\"}}],\"inLanguage\":\"en-US\"},{\"@type\":\"Organization\",\"@id\":\"https:\\\/\\\/nagel-guitars.de\\\/en\\\/#organization\",\"name\":\"NAGEL Guitars\",\"url\":\"https:\\\/\\\/nagel-guitars.de\\\/en\\\/\",\"logo\":{\"@type\":\"ImageObject\",\"inLanguage\":\"en-US\",\"@id\":\"https:\\\/\\\/nagel-guitars.de\\\/en\\\/#\\\/schema\\\/logo\\\/image\\\/\",\"url\":\"https:\\\/\\\/nagel-guitars.de\\\/wp-content\\\/uploads\\\/logo_blk.png\",\"contentUrl\":\"https:\\\/\\\/nagel-guitars.de\\\/wp-content\\\/uploads\\\/logo_blk.png\",\"width\":257,\"height\":100,\"caption\":\"NAGEL Guitars\"},\"image\":{\"@id\":\"https:\\\/\\\/nagel-guitars.de\\\/en\\\/#\\\/schema\\\/logo\\\/image\\\/\"}}]}<\/script>\n<!-- \/ Yoast SEO plugin. -->","yoast_head_json":{"title":"Classic Bass Ash Natural - NAGEL Guitars","robots":{"index":"index","follow":"follow","max-snippet":"max-snippet:-1","max-image-preview":"max-image-preview:large","max-video-preview":"max-video-preview:-1"},"canonical":"https:\/\/nagel-guitars.de\/en\/classic-bass-ash-natural\/","og_locale":"en_US","og_type":"article","og_title":"Classic Bass Ash Natural - NAGEL Guitars","og_url":"https:\/\/nagel-guitars.de\/en\/classic-bass-ash-natural\/","og_site_name":"NAGEL Guitars","article_modified_time":"2026-04-07T04:58:04+00:00","og_image":[{"url":"https:\/\/nagel-guitars.de\/wp-content\/uploads\/reverb_shop.png","type":"","width":"","height":""}],"twitter_card":"summary_large_image","twitter_misc":{"Est. reading time":"1 minute"},"schema":{"@context":"https:\/\/schema.org","@graph":[{"@type":"WebPage","@id":"https:\/\/nagel-guitars.de\/en\/classic-bass-ash-natural\/","url":"https:\/\/nagel-guitars.de\/en\/classic-bass-ash-natural\/","name":"Classic Bass Ash Natural - NAGEL Guitars","isPartOf":{"@id":"https:\/\/nagel-guitars.de\/en\/#website"},"primaryImageOfPage":{"@id":"https:\/\/nagel-guitars.de\/en\/classic-bass-ash-natural\/#primaryimage"},"image":{"@id":"https:\/\/nagel-guitars.de\/en\/classic-bass-ash-natural\/#primaryimage"},"thumbnailUrl":"https:\/\/nagel-guitars.de\/wp-content\/uploads\/reverb_shop.png","datePublished":"2024-01-10T19:16:22+00:00","dateModified":"2026-04-07T04:58:04+00:00","breadcrumb":{"@id":"https:\/\/nagel-guitars.de\/en\/classic-bass-ash-natural\/#breadcrumb"},"inLanguage":"en-US","potentialAction":[{"@type":"ReadAction","target":["https:\/\/nagel-guitars.de\/en\/classic-bass-ash-natural\/"]}]},{"@type":"ImageObject","inLanguage":"en-US","@id":"https:\/\/nagel-guitars.de\/en\/classic-bass-ash-natural\/#primaryimage","url":"https:\/\/nagel-guitars.de\/wp-content\/uploads\/reverb_shop.png","contentUrl":"https:\/\/nagel-guitars.de\/wp-content\/uploads\/reverb_shop.png"},{"@type":"BreadcrumbList","@id":"https:\/\/nagel-guitars.de\/en\/classic-bass-ash-natural\/#breadcrumb","itemListElement":[{"@type":"ListItem","position":1,"name":"Startseite","item":"https:\/\/nagel-guitars.de\/en\/"},{"@type":"ListItem","position":2,"name":"Classic Bass Ash Natural"}]},{"@type":"WebSite","@id":"https:\/\/nagel-guitars.de\/en\/#website","url":"https:\/\/nagel-guitars.de\/en\/","name":"NAGEL Guitars","description":"Handgefertigte E-B\u00e4sse und E-Gitarren aus Franken","publisher":{"@id":"https:\/\/nagel-guitars.de\/en\/#organization"},"potentialAction":[{"@type":"SearchAction","target":{"@type":"EntryPoint","urlTemplate":"https:\/\/nagel-guitars.de\/en\/?s={search_term_string}"},"query-input":{"@type":"PropertyValueSpecification","valueRequired":true,"valueName":"search_term_string"}}],"inLanguage":"en-US"},{"@type":"Organization","@id":"https:\/\/nagel-guitars.de\/en\/#organization","name":"NAGEL Guitars","url":"https:\/\/nagel-guitars.de\/en\/","logo":{"@type":"ImageObject","inLanguage":"en-US","@id":"https:\/\/nagel-guitars.de\/en\/#\/schema\/logo\/image\/","url":"https:\/\/nagel-guitars.de\/wp-content\/uploads\/logo_blk.png","contentUrl":"https:\/\/nagel-guitars.de\/wp-content\/uploads\/logo_blk.png","width":257,"height":100,"caption":"NAGEL Guitars"},"image":{"@id":"https:\/\/nagel-guitars.de\/en\/#\/schema\/logo\/image\/"}}]}},"_links":{"self":[{"href":"https:\/\/nagel-guitars.de\/en\/wp-json\/wp\/v2\/pages\/1462","targetHints":{"allow":["GET"]}}],"collection":[{"href":"https:\/\/nagel-guitars.de\/en\/wp-json\/wp\/v2\/pages"}],"about":[{"href":"https:\/\/nagel-guitars.de\/en\/wp-json\/wp\/v2\/types\/page"}],"author":[{"embeddable":true,"href":"https:\/\/nagel-guitars.de\/en\/wp-json\/wp\/v2\/users\/1"}],"replies":[{"embeddable":true,"href":"https:\/\/nagel-guitars.de\/en\/wp-json\/wp\/v2\/comments?post=1462"}],"version-history":[{"count":10,"href":"https:\/\/nagel-guitars.de\/en\/wp-json\/wp\/v2\/pages\/1462\/revisions"}],"predecessor-version":[{"id":1650,"href":"https:\/\/nagel-guitars.de\/en\/wp-json\/wp\/v2\/pages\/1462\/revisions\/1650"}],"wp:attachment":[{"href":"https:\/\/nagel-guitars.de\/en\/wp-json\/wp\/v2\/media?parent=1462"}],"curies":[{"name":"wp","href":"https:\/\/api.w.org\/{rel}","templated":true}]}}